{"id":1998,"date":"2017-05-18T09:52:43","date_gmt":"2017-05-18T09:52:43","guid":{"rendered":"http:\/\/dentalia.orionthemes.com\/new-demos\/demo-1\/?page_id=1998"},"modified":"2017-05-18T09:52:43","modified_gmt":"2017-05-18T09:52:43","slug":"news","status":"publish","type":"page","link":"https:\/\/simondent.pl\/?page_id=1998","title":{"rendered":"News"},"content":{"rendered":"<div id=\"pl-1998\"  class=\"panel-layout\" ><div id=\"pg-1998-0\"  class=\"panel-grid panel-has-style\" ><div class=\"siteorigin-panels-stretch orion-separator bottom-svg-6 bottom-svg-inside divider-no-animation tablet-2-in-row mobile-1-in-row desktop-default overlay-white-t custom bg-cover-golden panel-row-style panel-row-style-for-1998-0\" data-stretch-type=\"full\" ><div id=\"pgc-1998-0-0\"  class=\"panel-grid-cell panel-grid-cell-mobile-last\" ><div id=\"panel-1998-0-0-0\" class=\"so-panel widget widget_orion_heading_w panel-first-child\" data-index=\"0\" ><div class=\"orion custom mobile-text-center default panel-widget-style panel-widget-style-for-1998-0-0-0\" ><div\n\t\t\t\n\t\t\tclass=\"so-widget-orion_heading_w so-widget-orion_heading_w-base\"\n\t\t\t\n\t\t> \r\n\t\t\t<div class=\"row orion-heading\" style=\"margin-bottom:0px;\">\r\n\t\t<div class=\"col-md-12  separator-style-2 text-left style-h2 style-tertiary-color\">\r\n\t\t\t<h2 class=\"tertiary-color text-bold\">\r\n\t\t\t\tDental Health Tips &amp; <span class=\"primary-color\">Special Offers<\/span>\t\t\t<\/h2>\r\n\t\t<\/div>\r\n\t<\/div>\r\n\r\n\t<\/div><\/div><\/div><div id=\"panel-1998-0-0-1\" class=\"so-panel widget widget_orion_heading_w\" data-index=\"1\" ><div class=\"orion mobile-text-center default panel-widget-style panel-widget-style-for-1998-0-0-1\" ><div\n\t\t\t\n\t\t\tclass=\"so-widget-orion_heading_w so-widget-orion_heading_w-base\"\n\t\t\t\n\t\t> \r\n\t\t\t<div class=\"row orion-heading\" style=\"margin-bottom:0px;\">\r\n\t\t<div class=\"col-md-12   text-left style-h6 style-tertiary-color\">\r\n\t\t\t<h6 class=\"tertiary-color\">\r\n\t\t\t\tSUBSCRIBE TO OUR NEWSLETTER\t\t\t<\/h6>\r\n\t\t<\/div>\r\n\t<\/div>\r\n\r\n\t<\/div><\/div><\/div><div id=\"panel-1998-0-0-2\" class=\"so-panel widget widget_orion_cf7_w panel-last-child\" data-index=\"2\" ><div class=\"orion mobile-text-center default panel-widget-style panel-widget-style-for-1998-0-0-2\" ><div\n\t\t\t\n\t\t\tclass=\"so-widget-orion_cf7_w so-widget-orion_cf7_w-base\"\n\t\t\t\n\t\t>\n<div class=\"wpcf7 no-js\" id=\"wpcf7-f1991-o1\" lang=\"en-US\" dir=\"ltr\" data-wpcf7-id=\"1991\">\n<div class=\"screen-reader-response\"><p role=\"status\" aria-live=\"polite\" aria-atomic=\"true\"><\/p> <ul><\/ul><\/div>\n<form action=\"\/index.php?rest_route=%2Fwp%2Fv2%2Fpages%2F1998#wpcf7-f1991-o1\" method=\"post\" class=\"wpcf7-form init\" aria-label=\"Contact form\" novalidate=\"novalidate\" data-status=\"init\">\n<div style=\"display: none;\">\n<input type=\"hidden\" name=\"_wpcf7\" value=\"1991\" \/>\n<input type=\"hidden\" name=\"_wpcf7_version\" value=\"6.0.6\" \/>\n<input type=\"hidden\" name=\"_wpcf7_locale\" value=\"en_US\" \/>\n<input type=\"hidden\" name=\"_wpcf7_unit_tag\" value=\"wpcf7-f1991-o1\" \/>\n<input type=\"hidden\" name=\"_wpcf7_container_post\" value=\"0\" \/>\n<input type=\"hidden\" name=\"_wpcf7_posted_data_hash\" value=\"\" \/>\n<\/div>\n<div class=\"cf7-form row\">\n\t<div class=\"col-md-12 name\">\n\t\t<p><span class=\"wpcf7-form-control-wrap\" data-name=\"text-name\"><input size=\"40\" maxlength=\"400\" class=\"wpcf7-form-control wpcf7-text wpcf7-validates-as-required\" aria-required=\"true\" aria-invalid=\"false\" placeholder=\"Your Name\" value=\"\" type=\"text\" name=\"text-name\" \/><\/span>\n\t\t<\/p>\n\t<\/div>\n\t<div class=\"col-md-12 email\">\n\t\t<p><span class=\"wpcf7-form-control-wrap\" data-name=\"email-777\"><input size=\"40\" maxlength=\"400\" class=\"wpcf7-form-control wpcf7-email wpcf7-validates-as-required wpcf7-text wpcf7-validates-as-email\" aria-required=\"true\" aria-invalid=\"false\" placeholder=\"Your E-mail\" value=\"\" type=\"email\" name=\"email-777\" \/><\/span>\n\t\t<\/p>\n\t<\/div>\n\t<div class=\"col-md-6\">\n\t\t<p><input class=\"wpcf7-form-control wpcf7-submit has-spinner btn btn-c1 btn-lg\" type=\"submit\" value=\"Subscribe\" \/>\n\t\t<\/p>\n\t<\/div>\n<\/div><div class=\"wpcf7-response-output\" aria-hidden=\"true\"><\/div>\n<\/form>\n<\/div>\n<\/div><\/div><\/div><\/div><div id=\"pgc-1998-0-1\"  class=\"panel-grid-cell panel-grid-cell-empty\" ><\/div><\/div><\/div><div id=\"pg-1998-1\"  class=\"panel-grid panel-has-style\" ><div class=\"siteorigin-panels-stretch divider-no-animation tablet-default mobile-1-in-row desktop-default custom panel-row-style panel-row-style-for-1998-1\" data-stretch-type=\"full\" data-svg-bottom-color=\"#f8f8f8\" ><div id=\"pgc-1998-1-0\"  class=\"panel-grid-cell\" ><div id=\"panel-1998-1-0-0\" class=\"so-panel widget widget_orion_heading_w panel-first-child\" data-index=\"3\" ><div class=\"orion custom default panel-widget-style panel-widget-style-for-1998-1-0-0\" ><div\n\t\t\t\n\t\t\tclass=\"so-widget-orion_heading_w so-widget-orion_heading_w-base\"\n\t\t\t\n\t\t> \r\n\t\t\t<div class=\"row orion-heading\" style=\"margin-bottom:0px;\">\r\n\t\t<div class=\"col-md-12   text-center style-h1 style-primary-color\">\r\n\t\t\t<h1 class=\"primary-color text-bold\">\r\n\t\t\t\tNews &amp; Articles\t\t\t<\/h1>\r\n\t\t<\/div>\r\n\t<\/div>\r\n\r\n\t<\/div><\/div><\/div><div id=\"panel-1998-1-0-1\" class=\"so-panel widget widget_sow-editor\" data-index=\"4\" ><div class=\"orion default panel-widget-style panel-widget-style-for-1998-1-0-1\" ><div\n\t\t\t\n\t\t\tclass=\"so-widget-sow-editor so-widget-sow-editor-base\"\n\t\t\t\n\t\t>\n<div class=\"siteorigin-widget-tinymce textwidget\">\n\t<p class=\"lead\" style=\"text-align: center;\"><em>Lorem ipsum dolor sit amet, consectetuer. Proin gravida nibh vel velit auctor aliquet.<\/em><\/p>\n<\/div>\n<\/div><\/div><\/div><div id=\"panel-1998-1-0-2\" class=\"so-panel widget widget_orion_recent_posts_carousel\" data-index=\"5\" ><div class=\"orion custom default panel-widget-style panel-widget-style-for-1998-1-0-2\" ><div\n\t\t\t\n\t\t\tclass=\"so-widget-orion_recent_posts_carousel so-widget-orion_recent_posts_carousel-base\"\n\t\t\t\n\t\t><div class=\"row recent-post-carousel grid\">\r\n\r\n\t<div class=\"wrapper\">\r\n\r\n\t\r\n\t\t\t\t\t \t\t<article class=\"item col-md-4 col-sm-6 has_padding\">\r\n\r\n\t\t\t\t\t<header class=\"entry-header\">\r\n\t\t\t\t\t\t\t\t\t<div class=\"thedate absolute top left\">\r\n\t\t\t\t\t\t\t\t\t\t\t\t<span class=\"date date-day text-dark font-2\">\r\n\t\t\t\t\t\t\t24\t\t\t\t\t\t<\/span>\r\n\r\n\t\t\t\t\t\t\t\t\t\t\t\t<span class=\"date date-month primary-color-bg text-light font-2\">\r\n\t\t\t\t\t\t\t\u0410\u043f\u0440\t\t\t\t\t\t<\/span>\t\t\t\r\n\t\t\t\t\t<\/div>\r\n\t\t\t\t\t\t\t\t\t\t\t\t\t\t\r\n\t\t\t\t\t<a href=\"https:\/\/simondent.pl\/?p=1\" class=\"image-wrap no-image\">\r\n\t\t\t\t\t<span class=\"orionicon orionicon-icon_images\" ><\/span>\r\n\t\t\t\t\t<\/a>\t\r\n\t\t\t\t\t\t\t\t\t\t\r\n\t\t\t<\/header>\r\n\t\t\t\t\r\n\t\t<div class=\"entry-content  padding-medium\" style=\"background-color: rgba(255,255,255,1)\">\r\n\t\t\t<div class=\"meta\">\r\n\t\t\t\t\t\r\n\t\t\t\t\t\t        \t\t\t\t\t\t\r\n\t\t\t\t<a class=\"font-3 small category opacity primary-hover\" href=\"https:\/\/simondent.pl\/?cat=1\">Bez kategorii<\/a>\r\n\t\t        \t\t    <\/div>\r\n\t\t    \t\t\t\t<a class=\"item-title-link\" title=\"Witaj, \u015bwiecie!\" href=\"https:\/\/simondent.pl\/?p=1\"> <h5 class=\"item-title primary-hover \"> Witaj, \u015bwiecie!<\/h5>\r\n\t\t\t\t<\/a>\r\n\t\t\t\t\t\t\t\t\t\t\t\r\n\t\t\t\t\t\t\t\t<div class=\"excerpt\"> \r\n\t\t\t\t\t<p>Witamy w WordPressie. To jest tw\u00f3j pierwszy wpis. Edytuj go lub usu\u0144, a nast\u0119pnie zacznij pisa\u0107!...<\/p>\t\t\t\t<\/div>\r\n\t\t\t\t\t\t\t\r\n\t\t\t<\/div>\t\r\n\t\t<\/article>\r\n\t\t\t\t\t \t\t<article class=\"item col-md-4 col-sm-6 has_padding\">\r\n\r\n\t\t\t\t\t<header class=\"entry-header\">\r\n\t\t\t\t\t\t\t\t\t<div class=\"thedate absolute top left\">\r\n\t\t\t\t\t\t\t\t\t\t\t\t<span class=\"date date-day text-dark font-2\">\r\n\t\t\t\t\t\t\t15\t\t\t\t\t\t<\/span>\r\n\r\n\t\t\t\t\t\t\t\t\t\t\t\t<span class=\"date date-month primary-color-bg text-light font-2\">\r\n\t\t\t\t\t\t\t\u0410\u0432\u0433\t\t\t\t\t\t<\/span>\t\t\t\r\n\t\t\t\t\t<\/div>\r\n\t\t\t\t\t\t\t\t\t\t\t\t\t\t\r\n\t\t\t\t\t<a href=\"https:\/\/simondent.pl\/?p=1110\" class=\"image-wrap no-image\">\r\n\t\t\t\t\t<span class=\"orionicon orionicon-icon_images\" ><\/span>\r\n\t\t\t\t\t<\/a>\t\r\n\t\t\t\t\t\t\t\t\t\t\r\n\t\t\t<\/header>\r\n\t\t\t\t\r\n\t\t<div class=\"entry-content  padding-medium\" style=\"background-color: rgba(255,255,255,1)\">\r\n\t\t\t<div class=\"meta\">\r\n\t\t\t\t\t\r\n\t\t\t\t\t\t        \t\t\t\t\t\t\r\n\t\t\t\t<a class=\"font-3 small category opacity primary-hover\" href=\"https:\/\/simondent.pl\/?cat=2\">Dentistry Articles<\/a>\r\n\t\t        \t\t    <\/div>\r\n\t\t    \t\t\t\t<a class=\"item-title-link\" title=\"Healthy Smiles, Inside & Out\" href=\"https:\/\/simondent.pl\/?p=1110\"> <h5 class=\"item-title primary-hover \"> Healthy Smiles, Inside & Out<\/h5>\r\n\t\t\t\t<\/a>\r\n\t\t\t\t\t\t\t\t\t\t\t\r\n\t\t\t\t\t\t\t\t<div class=\"excerpt\"> \r\n\t\t\t\t\t<p>Lorem ipsum dolor sit amet, consectetur adipiscing elit. Morbi gravida fringilla neque sit amet sollicitudin. Duis aliquam dictum feugiat. Quisque...<\/p>\t\t\t\t<\/div>\r\n\t\t\t\t\t\t\t\r\n\t\t\t<\/div>\t\r\n\t\t<\/article>\r\n\t\t\t\t\t \t\t<article class=\"item col-md-4 col-sm-6 has_padding\">\r\n\r\n\t\t\t\t\t<header class=\"entry-header\">\r\n\t\t\t\t\t\t\t\t\t<div class=\"thedate absolute top left\">\r\n\t\t\t\t\t\t\t\t\t\t\t\t<span class=\"date date-day text-dark font-2\">\r\n\t\t\t\t\t\t\t9\t\t\t\t\t\t<\/span>\r\n\r\n\t\t\t\t\t\t\t\t\t\t\t\t<span class=\"date date-month primary-color-bg text-light font-2\">\r\n\t\t\t\t\t\t\t\u0418\u044e\u043b\t\t\t\t\t\t<\/span>\t\t\t\r\n\t\t\t\t\t<\/div>\r\n\t\t\t\t\t\t\t\t\t\t\t\t\t\t\r\n\t\t\t\t\t<a href=\"https:\/\/simondent.pl\/?p=1083\" class=\"image-wrap no-image\">\r\n\t\t\t\t\t<span class=\"orionicon orionicon-icon_images\" ><\/span>\r\n\t\t\t\t\t<\/a>\t\r\n\t\t\t\t\t\t\t\t\t\t\r\n\t\t\t<\/header>\r\n\t\t\t\t\r\n\t\t<div class=\"entry-content  padding-medium\" style=\"background-color: rgba(255,255,255,1)\">\r\n\t\t\t<div class=\"meta\">\r\n\t\t\t\t\t\r\n\t\t\t\t\t\t        \t\t\t\t\t\t\r\n\t\t\t\t<a class=\"font-3 small category opacity primary-hover\" href=\"https:\/\/simondent.pl\/?cat=2\">Dentistry Articles<\/a>\r\n\t\t        \t\t    <\/div>\r\n\t\t    \t\t\t\t<a class=\"item-title-link\" title=\"Advanced Tooth Prosthetics\" href=\"https:\/\/simondent.pl\/?p=1083\"> <h5 class=\"item-title primary-hover \"> Advanced Tooth Prosthetics<\/h5>\r\n\t\t\t\t<\/a>\r\n\t\t\t\t\t\t\t\t\t\t\t\r\n\t\t\t\t\t\t\t\t<div class=\"excerpt\"> \r\n\t\t\t\t\t<p>Lorem ipsum dolor sit amet, consectetur adipiscing elit. Morbi gravida fringilla neque sit amet sollicitudin. Duis aliquam dictum feugiat. Quisque...<\/p>\t\t\t\t<\/div>\r\n\t\t\t\t\t\t\t\r\n\t\t\t<\/div>\t\r\n\t\t<\/article>\r\n\t\t\t\t\t \t\t<article class=\"item col-md-4 col-sm-6 has_padding\">\r\n\r\n\t\t\t\t\t<header class=\"entry-header\">\r\n\t\t\t\t\t\t\t\t\t<div class=\"thedate absolute top left\">\r\n\t\t\t\t\t\t\t\t\t\t\t\t<span class=\"date date-day text-dark font-2\">\r\n\t\t\t\t\t\t\t3\t\t\t\t\t\t<\/span>\r\n\r\n\t\t\t\t\t\t\t\t\t\t\t\t<span class=\"date date-month primary-color-bg text-light font-2\">\r\n\t\t\t\t\t\t\t\u041d\u043e\u044f\t\t\t\t\t\t<\/span>\t\t\t\r\n\t\t\t\t\t<\/div>\r\n\t\t\t\t\t\t\t\t\t\t\t\t\t\t\r\n\t\t\t\t\t<a href=\"https:\/\/simondent.pl\/?p=1071\" class=\"image-wrap no-image\">\r\n\t\t\t\t\t<span class=\"orionicon orionicon-icon_images\" ><\/span>\r\n\t\t\t\t\t<\/a>\t\r\n\t\t\t\t\t\t\t\t\t\t\r\n\t\t\t<\/header>\r\n\t\t\t\t\r\n\t\t<div class=\"entry-content  padding-medium\" style=\"background-color: rgba(255,255,255,1)\">\r\n\t\t\t<div class=\"meta\">\r\n\t\t\t\t\t\r\n\t\t\t\t\t\t        \t\t\t\t\t\t\r\n\t\t\t\t<a class=\"font-3 small category opacity primary-hover\" href=\"https:\/\/simondent.pl\/?cat=3\">Oral Health<\/a>\r\n\t\t        \t\t    <\/div>\r\n\t\t    \t\t\t\t<a class=\"item-title-link\" title=\"Nutrition Tips For Healthy Teeth\" href=\"https:\/\/simondent.pl\/?p=1071\"> <h5 class=\"item-title primary-hover \"> Nutrition Tips For Healthy Teeth<\/h5>\r\n\t\t\t\t<\/a>\r\n\t\t\t\t\t\t\t\t\t\t\t\r\n\t\t\t\t\t\t\t\t<div class=\"excerpt\"> \r\n\t\t\t\t\t<p>Lorem ipsum dolor sit amet, consectetur adipiscing elit. Morbi gravida fringilla neque sit amet sollicitudin. Duis aliquam dictum feugiat. Quisque...<\/p>\t\t\t\t<\/div>\r\n\t\t\t\t\t\t\t\r\n\t\t\t<\/div>\t\r\n\t\t<\/article>\r\n\t\t\t\t\t \t\t<article class=\"item col-md-4 col-sm-6 has_padding\">\r\n\r\n\t\t\t\t\t<header class=\"entry-header\">\r\n\t\t\t\t\t\t\t\t\t<div class=\"thedate absolute top left\">\r\n\t\t\t\t\t\t\t\t\t\t\t\t<span class=\"date date-day text-dark font-2\">\r\n\t\t\t\t\t\t\t9\t\t\t\t\t\t<\/span>\r\n\r\n\t\t\t\t\t\t\t\t\t\t\t\t<span class=\"date date-month primary-color-bg text-light font-2\">\r\n\t\t\t\t\t\t\t\u041e\u043a\u0442\t\t\t\t\t\t<\/span>\t\t\t\r\n\t\t\t\t\t<\/div>\r\n\t\t\t\t\t\t\t\t\t\t\t\t\t\t\r\n\t\t\t\t\t<a href=\"https:\/\/simondent.pl\/?p=1098\" class=\"image-wrap no-image\">\r\n\t\t\t\t\t<span class=\"orionicon orionicon-icon_images\" ><\/span>\r\n\t\t\t\t\t<\/a>\t\r\n\t\t\t\t\t\t\t\t\t\t\r\n\t\t\t<\/header>\r\n\t\t\t\t\r\n\t\t<div class=\"entry-content  padding-medium\" style=\"background-color: rgba(255,255,255,1)\">\r\n\t\t\t<div class=\"meta\">\r\n\t\t\t\t\t\r\n\t\t\t\t\t\t        \t\t\t\t\t\t\r\n\t\t\t\t<a class=\"font-3 small category opacity primary-hover\" href=\"https:\/\/simondent.pl\/?cat=4\">Post Formats<\/a>\r\n\t\t        \t\t    <\/div>\r\n\t\t    \t\t\t\t<a class=\"item-title-link\" title=\"Ageing With a Smile\" href=\"https:\/\/simondent.pl\/?p=1098\"> <h5 class=\"item-title primary-hover \"> Ageing With a Smile<\/h5>\r\n\t\t\t\t<\/a>\r\n\t\t\t\t\t\t\t\t\t\t\t\r\n\t\t\t\t\t\t\t\t<div class=\"excerpt\"> \r\n\t\t\t\t\t<p>Ut ac suscipit lorem. Suspendisse rhoncus tellus ac neque gravida, in tristique urna placerat. Morbi in purus rutrum, hendrerit tellus...<\/p>\t\t\t\t<\/div>\r\n\t\t\t\t\t\t\t\r\n\t\t\t<\/div>\t\r\n\t\t<\/article>\r\n\t\t\t\t\t \t\t<article class=\"item col-md-4 col-sm-6 has_padding\">\r\n\r\n\t\t\t\t\t<header class=\"entry-header\">\r\n\t\t\t\t\t\t\t\t\t<div class=\"thedate absolute top left\">\r\n\t\t\t\t\t\t\t\t\t\t\t\t<span class=\"date date-day text-dark font-2\">\r\n\t\t\t\t\t\t\t9\t\t\t\t\t\t<\/span>\r\n\r\n\t\t\t\t\t\t\t\t\t\t\t\t<span class=\"date date-month primary-color-bg text-light font-2\">\r\n\t\t\t\t\t\t\t\u0410\u043f\u0440\t\t\t\t\t\t<\/span>\t\t\t\r\n\t\t\t\t\t<\/div>\r\n\t\t\t\t\t\t\t\t\t\t\t\t\t\t\r\n\t\t\t\t\t<a href=\"https:\/\/simondent.pl\/?p=1089\" class=\"image-wrap no-image\">\r\n\t\t\t\t\t<span class=\"orionicon orionicon-icon_images\" ><\/span>\r\n\t\t\t\t\t<\/a>\t\r\n\t\t\t\t\t\t\t\t\t\t\r\n\t\t\t<\/header>\r\n\t\t\t\t\r\n\t\t<div class=\"entry-content  padding-medium\" style=\"background-color: rgba(255,255,255,1)\">\r\n\t\t\t<div class=\"meta\">\r\n\t\t\t\t\t\r\n\t\t\t\t\t\t        \t\t\t\t\t\t\r\n\t\t\t\t<a class=\"font-3 small category opacity primary-hover\" href=\"https:\/\/simondent.pl\/?cat=3\">Oral Health<\/a>\r\n\t\t        \t\t    <\/div>\r\n\t\t    \t\t\t\t<a class=\"item-title-link\" title=\"Oral Cancer Awerness Month\" href=\"https:\/\/simondent.pl\/?p=1089\"> <h5 class=\"item-title primary-hover \"> Oral Cancer Awerness Month<\/h5>\r\n\t\t\t\t<\/a>\r\n\t\t\t\t\t\t\t\t\t\t\t\r\n\t\t\t\t\t\t\t\t<div class=\"excerpt\"> \r\n\t\t\t\t\t<p>Lorem ipsum dolor sit amet, consectetur adipiscing elit. Morbi gravida fringilla neque sit amet sollicitudin. Duis aliquam dictum feugiat. Quisque...<\/p>\t\t\t\t<\/div>\r\n\t\t\t\t\t\t\t\r\n\t\t\t<\/div>\t\r\n\t\t<\/article>\r\n\t\t\t\t<\/div>\t<!-- wrapper -->\r\n<\/div>\t<!-- recent-post-carousel -->\r\n<\/div><\/div><\/div><div id=\"panel-1998-1-0-3\" class=\"so-panel widget widget_orion_button_w panel-last-child\" data-index=\"6\" ><div class=\"orion custom mobile-text-center default panel-widget-style panel-widget-style-for-1998-1-0-3\" ><div\n\t\t\t\n\t\t\tclass=\"so-widget-orion_button_w so-widget-orion_button_w-base\"\n\t\t\t\n\t\t>\t<div class=\"wrapper block\" style=\"text-align:center\">\r\n\r\n\t\t\t<a class=\"btn btn-c1 btn-flat btn-md\"  href=\"https:\/\/simondent.pl\/?page_id=1002\">\r\n\t\t\tVisit our Blog\t\t\r\n\t\t<\/a>\r\n\t\r\n<\/div>\r\n\r\n\r\n\r\n<\/div><\/div><\/div><\/div><\/div><\/div><\/div>","protected":false},"excerpt":{"rendered":"<p>Lorem ipsum dolor sit amet, consectetuer. Proin gravida nibh vel velit auctor aliquet.<\/p>\n","protected":false},"author":1,"featured_media":0,"parent":0,"menu_order":0,"comment_status":"closed","ping_status":"closed","template":"","meta":{"footnotes":""},"class_list":["post-1998","page","type-page","status-publish","hentry"],"_links":{"self":[{"href":"https:\/\/simondent.pl\/index.php?rest_route=\/wp\/v2\/pages\/1998","targetHints":{"allow":["GET"]}}],"collection":[{"href":"https:\/\/simondent.pl\/index.php?rest_route=\/wp\/v2\/pages"}],"about":[{"href":"https:\/\/simondent.pl\/index.php?rest_route=\/wp\/v2\/types\/page"}],"author":[{"embeddable":true,"href":"https:\/\/simondent.pl\/index.php?rest_route=\/wp\/v2\/users\/1"}],"replies":[{"embeddable":true,"href":"https:\/\/simondent.pl\/index.php?rest_route=%2Fwp%2Fv2%2Fcomments&post=1998"}],"version-history":[{"count":0,"href":"https:\/\/simondent.pl\/index.php?rest_route=\/wp\/v2\/pages\/1998\/revisions"}],"wp:attachment":[{"href":"https:\/\/simondent.pl\/index.php?rest_route=%2Fwp%2Fv2%2Fmedia&parent=1998"}],"curies":[{"name":"wp","href":"https:\/\/api.w.org\/{rel}","templated":true}]}}